{"id":2624,"date":"2021-12-03T12:21:45","date_gmt":"2021-12-03T12:21:45","guid":{"rendered":"https:\/\/allcook.kitchen\/christmas-menu\/"},"modified":"2022-12-07T14:24:46","modified_gmt":"2022-12-07T14:24:46","slug":"menu-de-noel","status":"publish","type":"page","link":"https:\/\/allcook.kitchen\/fr\/menu-de-noel\/","title":{"rendered":"Menu de No\u00ebl"},"content":{"rendered":"","protected":false},"excerpt":{"rendered":"<p> [&#8230;]<\/p>\n<p><a class=\"btn btn-secondary understrap-read-more-link\" href=\"https:\/\/allcook.kitchen\/fr\/menu-de-noel\/\">Lire la suite&#8230;<\/a><\/p>\n","protected":false},"author":2,"featured_media":0,"parent":0,"menu_order":0,"comment_status":"closed","ping_status":"closed","template":"page-templates\/christmas-page.php","meta":{"content-type":"","_lmt_disableupdate":"no","_lmt_disable":""},"yoast_head":"<!-- This site is optimized with the Yoast SEO plugin v15.9.1 - https:\/\/yoast.com\/wordpress\/plugins\/seo\/ -->\n<title>Menu de No\u00ebl - des chefs livr\u00e9s \u00e0 toute adresse en Suisse<\/title>\n<meta name=\"description\" content=\"20 min du frigo \u00e0 la table pour un excellent repas de f\u00eate. R\u00e9chauffez-vous avec ce menu de P\u00e2ques des chefs et artisans partenaires.\" \/>\n<meta name=\"robots\" content=\"index, follow, max-snippet:-1, max-image-preview:large, max-video-preview:-1\" \/>\n<link rel=\"canonical\" href=\"https:\/\/allcook.kitchen\/fr\/menu-de-noel\/\" \/>\n<meta property=\"og:locale\" content=\"fr_FR\" \/>\n<meta property=\"og:type\" content=\"article\" \/>\n<meta property=\"og:title\" content=\"Menu de No\u00ebl - des chefs livr\u00e9s \u00e0 toute adresse en Suisse\" \/>\n<meta property=\"og:description\" content=\"20 min du frigo \u00e0 la table pour un excellent repas de f\u00eate. R\u00e9chauffez-vous avec ce menu de P\u00e2ques des chefs et artisans partenaires.\" \/>\n<meta property=\"og:url\" content=\"https:\/\/allcook.kitchen\/fr\/menu-de-noel\/\" \/>\n<meta property=\"og:site_name\" content=\"Allcook Kitchen\" \/>\n<meta property=\"article:modified_time\" content=\"2022-12-07T14:24:46+00:00\" \/>\n<meta name=\"twitter:card\" content=\"summary_large_image\" \/>\n<script type=\"application\/ld+json\" class=\"yoast-schema-graph\">{\"@context\":\"https:\/\/schema.org\",\"@graph\":[{\"@type\":\"WebSite\",\"@id\":\"https:\/\/allcook.kitchen\/#website\",\"url\":\"https:\/\/allcook.kitchen\/\",\"name\":\"Allcook Kitchen\",\"description\":\"Allcook Kitchen\",\"potentialAction\":[{\"@type\":\"SearchAction\",\"target\":\"https:\/\/allcook.kitchen\/?s={search_term_string}\",\"query-input\":\"required name=search_term_string\"}],\"inLanguage\":\"fr-FR\"},{\"@type\":\"WebPage\",\"@id\":\"https:\/\/allcook.kitchen\/fr\/menu-de-noel\/#webpage\",\"url\":\"https:\/\/allcook.kitchen\/fr\/menu-de-noel\/\",\"name\":\"Menu de No\\u00ebl - des chefs livr\\u00e9s \\u00e0 toute adresse en Suisse\",\"isPartOf\":{\"@id\":\"https:\/\/allcook.kitchen\/#website\"},\"datePublished\":\"2021-12-03T12:21:45+00:00\",\"dateModified\":\"2022-12-07T14:24:46+00:00\",\"description\":\"20 min du frigo \\u00e0 la table pour un excellent repas de f\\u00eate. R\\u00e9chauffez-vous avec ce menu de P\\u00e2ques des chefs et artisans partenaires.\",\"breadcrumb\":{\"@id\":\"https:\/\/allcook.kitchen\/fr\/menu-de-noel\/#breadcrumb\"},\"inLanguage\":\"fr-FR\",\"potentialAction\":[{\"@type\":\"ReadAction\",\"target\":[\"https:\/\/allcook.kitchen\/fr\/menu-de-noel\/\"]}]},{\"@type\":\"BreadcrumbList\",\"@id\":\"https:\/\/allcook.kitchen\/fr\/menu-de-noel\/#breadcrumb\",\"itemListElement\":[{\"@type\":\"ListItem\",\"position\":1,\"item\":{\"@type\":\"WebPage\",\"@id\":\"https:\/\/allcook.kitchen\/fr\/\",\"url\":\"https:\/\/allcook.kitchen\/fr\/\",\"name\":\"Home\"}},{\"@type\":\"ListItem\",\"position\":2,\"item\":{\"@type\":\"WebPage\",\"@id\":\"https:\/\/allcook.kitchen\/fr\/menu-de-noel\/\",\"url\":\"https:\/\/allcook.kitchen\/fr\/menu-de-noel\/\",\"name\":\"Menu de No\\u00ebl\"}}]}]}<\/script>\n<!-- \/ Yoast SEO plugin. -->","_links":{"self":[{"href":"https:\/\/allcook.kitchen\/fr\/wp-json\/wp\/v2\/pages\/2624"}],"collection":[{"href":"https:\/\/allcook.kitchen\/fr\/wp-json\/wp\/v2\/pages"}],"about":[{"href":"https:\/\/allcook.kitchen\/fr\/wp-json\/wp\/v2\/types\/page"}],"author":[{"embeddable":true,"href":"https:\/\/allcook.kitchen\/fr\/wp-json\/wp\/v2\/users\/2"}],"replies":[{"embeddable":true,"href":"https:\/\/allcook.kitchen\/fr\/wp-json\/wp\/v2\/comments?post=2624"}],"version-history":[{"count":41,"href":"https:\/\/allcook.kitchen\/fr\/wp-json\/wp\/v2\/pages\/2624\/revisions"}],"predecessor-version":[{"id":4104,"href":"https:\/\/allcook.kitchen\/fr\/wp-json\/wp\/v2\/pages\/2624\/revisions\/4104"}],"wp:attachment":[{"href":"https:\/\/allcook.kitchen\/fr\/wp-json\/wp\/v2\/media?parent=2624"}],"curies":[{"name":"wp","href":"https:\/\/api.w.org\/{rel}","templated":true}]}}