{"id":4045,"date":"2021-12-03T12:21:45","date_gmt":"2021-12-03T12:21:45","guid":{"rendered":"https:\/\/allcook.kitchen\/christmas\/"},"modified":"2022-12-02T09:57:15","modified_gmt":"2022-12-02T09:57:15","slug":"weihnachtsmenue","status":"publish","type":"page","link":"https:\/\/allcook.kitchen\/de\/weihnachtsmenue\/","title":{"rendered":"Weihnachtsmen\u00fc"},"content":{"rendered":"<p>Wir versenden frisch gekochte Mahlzeiten in einer Vakuumverpackung und einer speziellen isothermischen Box mit Eisbl\u00f6cken, die die K\u00fchlkette f\u00fcr bis zu 48 Stunden aufrechterhalten. Es verl\u00e4sst unsere K\u00fcche um 17:00 Uhr und kommt am n\u00e4chsten Tag morgens zu Ihnen nach Hause (in weniger als 20 Stunden). Bitte stellen Sie die Mahlzeiten so schnell wie m\u00f6glich in den K\u00fchlschrank.Wir versenden frisch gekochte Mahlzeiten in einer Vakuumverpackung und einer speziellen isothermischen Box mit Eisbl\u00f6cken, die die K\u00fchlkette f\u00fcr bis zu 48 Stunden aufrechterhalten. Es verl\u00e4sst unsere K\u00fcche um 17:00 Uhr und kommt am n\u00e4chsten Tag morgens zu Ihnen nach Hause (in weniger als 20 Stunden). Bitte stellen Sie die Mahlzeiten so schnell wie m\u00f6glich in den K\u00fchlschrank.<\/p>\n","protected":false},"excerpt":{"rendered":"<p>Wir versenden frisch gekochte Mahlzeiten in einer Vakuumverpackung und einer speziellen isothermischen Box mit Eisbl\u00f6cken, die die K\u00fchlkette f\u00fcr bis zu 48 Stunden aufrechterhalten. Es verl\u00e4sst unsere K\u00fcche um 17:00 Uhr und kommt am n\u00e4chsten Tag morgens zu Ihnen nach Hause (in weniger als 20 Stunden). Bitte stellen Sie die Mahlzeiten so schnell wie m\u00f6glich [&#8230;]<\/p>\n<p><a class=\"btn btn-secondary understrap-read-more-link\" href=\"https:\/\/allcook.kitchen\/de\/weihnachtsmenue\/\">Weiterlesen&#8230;<\/a><\/p>\n","protected":false},"author":2,"featured_media":0,"parent":0,"menu_order":0,"comment_status":"closed","ping_status":"closed","template":"page-templates\/christmas-page.php","meta":{"content-type":"","_lmt_disableupdate":"no","_lmt_disable":""},"yoast_head":"<!-- This site is optimized with the Yoast SEO plugin v15.9.1 - https:\/\/yoast.com\/wordpress\/plugins\/seo\/ -->\n<title>Weihnachtsmen\u00fc - von K\u00f6chen an jede Adresse in der Schweiz geliefert<\/title>\n<meta name=\"description\" content=\"In 20 Minuten vom K\u00fchlschrank auf den Tisch f\u00fcr ein hervorragendes Festtagsessen. W\u00e4rmen Sie sich mit diesem Ostermen\u00fc von Chefkoch und handwerklichen Partnern auf\" \/>\n<meta name=\"robots\" content=\"index, follow, max-snippet:-1, max-image-preview:large, max-video-preview:-1\" \/>\n<link rel=\"canonical\" href=\"https:\/\/allcook.kitchen\/de\/weihnachtsmenue\/\" \/>\n<meta property=\"og:locale\" content=\"de_DE\" \/>\n<meta property=\"og:type\" content=\"article\" \/>\n<meta property=\"og:title\" content=\"Weihnachtsmen\u00fc - von K\u00f6chen an jede Adresse in der Schweiz geliefert\" \/>\n<meta property=\"og:description\" content=\"In 20 Minuten vom K\u00fchlschrank auf den Tisch f\u00fcr ein hervorragendes Festtagsessen. W\u00e4rmen Sie sich mit diesem Ostermen\u00fc von Chefkoch und handwerklichen Partnern auf\" \/>\n<meta property=\"og:url\" content=\"https:\/\/allcook.kitchen\/de\/weihnachtsmenue\/\" \/>\n<meta property=\"og:site_name\" content=\"Allcook Kitchen\" \/>\n<meta property=\"article:modified_time\" content=\"2022-12-02T09:57:15+00:00\" \/>\n<meta name=\"twitter:card\" content=\"summary_large_image\" \/>\n<meta name=\"twitter:label1\" content=\"Gesch\u00e4tzte Lesezeit\">\n\t<meta name=\"twitter:data1\" content=\"1\u00a0Minute\">\n<script type=\"application\/ld+json\" class=\"yoast-schema-graph\">{\"@context\":\"https:\/\/schema.org\",\"@graph\":[{\"@type\":\"WebSite\",\"@id\":\"https:\/\/allcook.kitchen\/#website\",\"url\":\"https:\/\/allcook.kitchen\/\",\"name\":\"Allcook Kitchen\",\"description\":\"Allcook Kitchen\",\"potentialAction\":[{\"@type\":\"SearchAction\",\"target\":\"https:\/\/allcook.kitchen\/?s={search_term_string}\",\"query-input\":\"required name=search_term_string\"}],\"inLanguage\":\"de\"},{\"@type\":\"WebPage\",\"@id\":\"https:\/\/allcook.kitchen\/de\/weihnachtsmenue\/#webpage\",\"url\":\"https:\/\/allcook.kitchen\/de\/weihnachtsmenue\/\",\"name\":\"Weihnachtsmen\\u00fc - von K\\u00f6chen an jede Adresse in der Schweiz geliefert\",\"isPartOf\":{\"@id\":\"https:\/\/allcook.kitchen\/#website\"},\"datePublished\":\"2021-12-03T12:21:45+00:00\",\"dateModified\":\"2022-12-02T09:57:15+00:00\",\"description\":\"In 20 Minuten vom K\\u00fchlschrank auf den Tisch f\\u00fcr ein hervorragendes Festtagsessen. W\\u00e4rmen Sie sich mit diesem Ostermen\\u00fc von Chefkoch und handwerklichen Partnern auf\",\"breadcrumb\":{\"@id\":\"https:\/\/allcook.kitchen\/de\/weihnachtsmenue\/#breadcrumb\"},\"inLanguage\":\"de\",\"potentialAction\":[{\"@type\":\"ReadAction\",\"target\":[\"https:\/\/allcook.kitchen\/de\/weihnachtsmenue\/\"]}]},{\"@type\":\"BreadcrumbList\",\"@id\":\"https:\/\/allcook.kitchen\/de\/weihnachtsmenue\/#breadcrumb\",\"itemListElement\":[{\"@type\":\"ListItem\",\"position\":1,\"item\":{\"@type\":\"WebPage\",\"@id\":\"https:\/\/allcook.kitchen\/de\/\",\"url\":\"https:\/\/allcook.kitchen\/de\/\",\"name\":\"Home\"}},{\"@type\":\"ListItem\",\"position\":2,\"item\":{\"@type\":\"WebPage\",\"@id\":\"https:\/\/allcook.kitchen\/de\/weihnachtsmenue\/\",\"url\":\"https:\/\/allcook.kitchen\/de\/weihnachtsmenue\/\",\"name\":\"Weihnachtsmen\\u00fc\"}}]}]}<\/script>\n<!-- \/ Yoast SEO plugin. -->","_links":{"self":[{"href":"https:\/\/allcook.kitchen\/de\/wp-json\/wp\/v2\/pages\/4045"}],"collection":[{"href":"https:\/\/allcook.kitchen\/de\/wp-json\/wp\/v2\/pages"}],"about":[{"href":"https:\/\/allcook.kitchen\/de\/wp-json\/wp\/v2\/types\/page"}],"author":[{"embeddable":true,"href":"https:\/\/allcook.kitchen\/de\/wp-json\/wp\/v2\/users\/2"}],"replies":[{"embeddable":true,"href":"https:\/\/allcook.kitchen\/de\/wp-json\/wp\/v2\/comments?post=4045"}],"version-history":[{"count":21,"href":"https:\/\/allcook.kitchen\/de\/wp-json\/wp\/v2\/pages\/4045\/revisions"}],"predecessor-version":[{"id":4101,"href":"https:\/\/allcook.kitchen\/de\/wp-json\/wp\/v2\/pages\/4045\/revisions\/4101"}],"wp:attachment":[{"href":"https:\/\/allcook.kitchen\/de\/wp-json\/wp\/v2\/media?parent=4045"}],"curies":[{"name":"wp","href":"https:\/\/api.w.org\/{rel}","templated":true}]}}